{"id":1681,"date":"2020-06-30T16:45:52","date_gmt":"2020-06-30T14:45:52","guid":{"rendered":"http:\/\/p14809-mor.weblx2.piuinternet.it\/informativa\/"},"modified":"2024-08-27T15:52:20","modified_gmt":"2024-08-27T13:52:20","slug":"informativa","status":"publish","type":"page","link":"https:\/\/www.morandibortot.it\/de\/informativa\/","title":{"rendered":"informativa"},"content":{"rendered":"\t\t<div data-elementor-type=\"wp-page\" data-elementor-id=\"1681\" class=\"elementor elementor-1681 elementor-1669\" data-elementor-post-type=\"page\">\n\t\t\t\t\t\t<section class=\"elementor-section elementor-top-section elementor-element elementor-element-4e3f980 elementor-section-height-min-height elementor-section-stretched elementor-section-boxed elementor-section-height-default elementor-section-items-middle\" data-id=\"4e3f980\" data-element_type=\"section\" data-e-type=\"section\" data-settings=\"{&quot;background_background&quot;:&quot;slideshow&quot;,&quot;background_slideshow_gallery&quot;:[{&quot;id&quot;:1522,&quot;url&quot;:&quot;https:\\\/\\\/www.morandibortot.it\\\/wp-content\\\/uploads\\\/2020\\\/05\\\/MG_0042-e1572861815694-1.jpg&quot;},{&quot;id&quot;:639,&quot;url&quot;:&quot;https:\\\/\\\/www.morandibortot.it\\\/wp-content\\\/uploads\\\/2020\\\/06\\\/architecture-1867592_1920.jpg&quot;}],&quot;stretch_section&quot;:&quot;section-stretched&quot;,&quot;background_slideshow_ken_burns&quot;:&quot;yes&quot;,&quot;background_slideshow_ken_burns_zoom_direction&quot;:&quot;out&quot;,&quot;background_slideshow_loop&quot;:&quot;yes&quot;,&quot;background_slideshow_slide_duration&quot;:5000,&quot;background_slideshow_slide_transition&quot;:&quot;fade&quot;,&quot;background_slideshow_transition_duration&quot;:500}\">\n\t\t\t\t\t\t\t<div class=\"elementor-background-overlay\"><\/div>\n\t\t\t\t\t\t\t<div class=\"elementor-container elementor-column-gap-default\">\n\t\t\t\t\t<div class=\"elementor-column elementor-col-100 elementor-top-column elementor-element elementor-element-da1153c\" data-id=\"da1153c\" data-element_type=\"column\" data-e-type=\"column\">\n\t\t\t<div class=\"elementor-widget-wrap elementor-element-populated\">\n\t\t\t\t\t\t<div class=\"elementor-element elementor-element-494047b elementor-widget elementor-widget-heading\" data-id=\"494047b\" data-element_type=\"widget\" data-e-type=\"widget\" data-widget_type=\"heading.default\">\n\t\t\t\t<div class=\"elementor-widget-container\">\n\t\t\t\t\t<h2 class=\"elementor-heading-title elementor-size-default\">informativa<\/h2>\t\t\t\t<\/div>\n\t\t\t\t<\/div>\n\t\t\t\t\t<\/div>\n\t\t<\/div>\n\t\t\t\t\t<\/div>\n\t\t<\/section>\n\t\t\t\t<section class=\"elementor-section elementor-top-section elementor-element elementor-element-37127810 elementor-section-boxed elementor-section-height-default elementor-section-height-default\" data-id=\"37127810\" data-element_type=\"section\" data-e-type=\"section\">\n\t\t\t\t\t\t<div class=\"elementor-container elementor-column-gap-default\">\n\t\t\t\t\t<div class=\"elementor-column elementor-col-100 elementor-top-column elementor-element elementor-element-5f34c01e\" data-id=\"5f34c01e\" data-element_type=\"column\" data-e-type=\"column\">\n\t\t\t<div class=\"elementor-widget-wrap elementor-element-populated\">\n\t\t\t\t\t\t<div class=\"elementor-element elementor-element-71dccfad elementor-widget elementor-widget-text-editor\" data-id=\"71dccfad\" data-element_type=\"widget\" data-e-type=\"widget\" data-widget_type=\"text-editor.default\">\n\t\t\t\t<div class=\"elementor-widget-container\">\n\t\t\t\t\t\t\t\t\t<p><strong>Informationsschrift gem\u00e4\u00df Art. 13 der italienischen Gesetzesverordnung D.Lgs 196\/2003 und gem\u00e4\u00df den Artikeln 13-14 EU-Verordnung 2016\/679<\/strong><\/p><p>Die durch das Ausf\u00fcllen dieses Formulars \u00fcbermittelten Daten werden auf Papier und elektronisch verarbeitet. Ihre Daten werden ausschlie\u00dflich zur Beantwortung Ihrer Anfrage verwendet. Die Bereitstellung der Daten und die Einwilligung zur Verarbeitung sind zwingend erforderlich, weil andernfalls keine E-Mail f\u00fcr die Kontaktanfrage versendet und beantwortet werden kann. Die von Ihnen zur Verf\u00fcgung gestellten Daten k\u00f6nnen mit Ihrer Einwilligung auch f\u00fcr den Versand von Informations- und Werbematerial oder f\u00fcr kommerzielle Mitteilungen \u00fcber neue Produkte oder Aktualisierungen und Neuigkeiten zu bereits existierenden Produkten verwendet werden. Die Bereitstellung von Daten hierf\u00fcr und \/ oder die Einwilligung zur Verarbeitung sind freiwillig und f\u00fchren nicht dazu, dass die angeforderte Leistung nicht erbracht werden kann. Die Daten werden von uns so lange aufbewahrt, wie es f\u00fcr die Verwaltung Ihrer Anfrage unbedingt erforderlich ist.<br \/>Verantwortlicher der Verarbeitung ist<\/p><p><strong>https:\/\/morandibortot.it\/de\/privacy-policy\/<\/strong><\/p><p>, an den Sie sich gem\u00e4\u00df Art. 7 der italienischen Gesetzesverordnung D.lgs 96\/2003 und gem\u00e4\u00df den Artikeln 15-22 EU-Verordnung 2016\/679 f\u00fcr die Aus\u00fcbung Ihrer Rechte wenden k\u00f6nnen. Die vollst\u00e4ndige Informationsschrift finden Sie unter dem\u00a0<u><a href=\"https:\/\/morandibortot.it\/de\/privacy-policy\/\" target=\"_blank\" rel=\"noopener\">link<\/a><\/u>\u00a0<em>(https:\/\/morandibortot.it\/de\/privacy-policy\/)<\/em><\/p>\t\t\t\t\t\t\t\t<\/div>\n\t\t\t\t<\/div>\n\t\t\t\t\t<\/div>\n\t\t<\/div>\n\t\t\t\t\t<\/div>\n\t\t<\/section>\n\t\t\t\t<\/div>\n\t\t","protected":false},"excerpt":{"rendered":"<p>Informationsschrift gem\u00e4\u00df Art. 13 der italienischen Gesetzesverordnung D.Lgs 196\/2003 und gem\u00e4\u00df den Artikeln 13-14 EU-Verordnung 2016\/679 Die durch das Ausf\u00fcllen dieses Formulars \u00fcbermittelten Daten werden auf Papier und elektronisch verarbeitet. Ihre Daten werden ausschlie\u00dflich zur Beantwortung Ihrer Anfrage verwendet. Die Bereitstellung der Daten und die Einwilligung zur Verarbeitung sind zwingend erforderlich, weil andernfalls keine E-Mail [&hellip;]<\/p>\n","protected":false},"author":2,"featured_media":0,"parent":0,"menu_order":0,"comment_status":"closed","ping_status":"closed","template":"elementor_header_footer","meta":{"ocean_post_layout":"","ocean_both_sidebars_style":"","ocean_both_sidebars_content_width":0,"ocean_both_sidebars_sidebars_width":0,"ocean_sidebar":"0","ocean_second_sidebar":"0","ocean_disable_margins":"enable","ocean_add_body_class":"","ocean_shortcode_before_top_bar":"","ocean_shortcode_after_top_bar":"","ocean_shortcode_before_header":"","ocean_shortcode_after_header":"","ocean_has_shortcode":"","ocean_shortcode_after_title":"","ocean_shortcode_before_footer_widgets":"","ocean_shortcode_after_footer_widgets":"","ocean_shortcode_before_footer_bottom":"","ocean_shortcode_after_footer_bottom":"","ocean_display_top_bar":"default","ocean_display_header":"default","ocean_header_style":"","ocean_center_header_left_menu":"0","ocean_custom_header_template":"0","ocean_custom_logo":0,"ocean_custom_retina_logo":0,"ocean_custom_logo_max_width":0,"ocean_custom_logo_tablet_max_width":0,"ocean_custom_logo_mobile_max_width":0,"ocean_custom_logo_max_height":0,"ocean_custom_logo_tablet_max_height":0,"ocean_custom_logo_mobile_max_height":0,"ocean_header_custom_menu":"0","ocean_menu_typo_font_family":"0","ocean_menu_typo_font_subset":"","ocean_menu_typo_font_size":0,"ocean_menu_typo_font_size_tablet":0,"ocean_menu_typo_font_size_mobile":0,"ocean_menu_typo_font_size_unit":"px","ocean_menu_typo_font_weight":"","ocean_menu_typo_font_weight_tablet":"","ocean_menu_typo_font_weight_mobile":"","ocean_menu_typo_transform":"","ocean_menu_typo_transform_tablet":"","ocean_menu_typo_transform_mobile":"","ocean_menu_typo_line_height":0,"ocean_menu_typo_line_height_tablet":0,"ocean_menu_typo_line_height_mobile":0,"ocean_menu_typo_line_height_unit":"","ocean_menu_typo_spacing":0,"ocean_menu_typo_spacing_tablet":0,"ocean_menu_typo_spacing_mobile":0,"ocean_menu_typo_spacing_unit":"","ocean_menu_link_color":"","ocean_menu_link_color_hover":"","ocean_menu_link_color_active":"","ocean_menu_link_background":"","ocean_menu_link_hover_background":"","ocean_menu_link_active_background":"","ocean_menu_social_links_bg":"","ocean_menu_social_hover_links_bg":"","ocean_menu_social_links_color":"","ocean_menu_social_hover_links_color":"","ocean_disable_title":"default","ocean_disable_heading":"default","ocean_post_title":"","ocean_post_subheading":"","ocean_post_title_style":"","ocean_post_title_background_color":"","ocean_post_title_background":0,"ocean_post_title_bg_image_position":"","ocean_post_title_bg_image_attachment":"","ocean_post_title_bg_image_repeat":"","ocean_post_title_bg_image_size":"","ocean_post_title_height":0,"ocean_post_title_bg_overlay":0.5,"ocean_post_title_bg_overlay_color":"","ocean_disable_breadcrumbs":"default","ocean_breadcrumbs_color":"","ocean_breadcrumbs_separator_color":"","ocean_breadcrumbs_links_color":"","ocean_breadcrumbs_links_hover_color":"","ocean_display_footer_widgets":"default","ocean_display_footer_bottom":"default","ocean_custom_footer_template":"0","footnotes":""},"class_list":["post-1681","page","type-page","status-publish","hentry","entry","owp-thumbs-layout-horizontal","owp-btn-normal","owp-tabs-layout-horizontal","has-no-thumbnails","has-product-nav"],"yoast_head":"<!-- This site is optimized with the Yoast SEO plugin v27.3 - https:\/\/yoast.com\/product\/yoast-seo-wordpress\/ -->\n<title>informativa - Morandi Bortot<\/title>\n<meta name=\"robots\" content=\"index, follow, max-snippet:-1, max-image-preview:large, max-video-preview:-1\" \/>\n<link rel=\"canonical\" href=\"https:\/\/www.morandibortot.it\/de\/informativa\/\" \/>\n<meta property=\"og:locale\" content=\"de_DE\" \/>\n<meta property=\"og:type\" content=\"article\" \/>\n<meta property=\"og:title\" content=\"informativa - Morandi Bortot\" \/>\n<meta property=\"og:description\" content=\"Informationsschrift gem\u00e4\u00df Art. 13 der italienischen Gesetzesverordnung D.Lgs 196\/2003 und gem\u00e4\u00df den Artikeln 13-14 EU-Verordnung 2016\/679 Die durch das Ausf\u00fcllen dieses Formulars \u00fcbermittelten Daten werden auf Papier und elektronisch verarbeitet. Ihre Daten werden ausschlie\u00dflich zur Beantwortung Ihrer Anfrage verwendet. Die Bereitstellung der Daten und die Einwilligung zur Verarbeitung sind zwingend erforderlich, weil andernfalls keine E-Mail [&hellip;]\" \/>\n<meta property=\"og:url\" content=\"https:\/\/www.morandibortot.it\/de\/informativa\/\" \/>\n<meta property=\"og:site_name\" content=\"Morandi Bortot\" \/>\n<meta property=\"article:modified_time\" content=\"2024-08-27T13:52:20+00:00\" \/>\n<meta name=\"twitter:card\" content=\"summary_large_image\" \/>\n<meta name=\"twitter:label1\" content=\"Est. reading time\" \/>\n\t<meta name=\"twitter:data1\" content=\"1 minute\" \/>\n<script type=\"application\/ld+json\" class=\"yoast-schema-graph\">{\"@context\":\"https:\\\/\\\/schema.org\",\"@graph\":[{\"@type\":\"WebPage\",\"@id\":\"https:\\\/\\\/www.morandibortot.it\\\/de\\\/informativa\\\/\",\"url\":\"https:\\\/\\\/www.morandibortot.it\\\/de\\\/informativa\\\/\",\"name\":\"informativa - Morandi Bortot\",\"isPartOf\":{\"@id\":\"https:\\\/\\\/www.morandibortot.it\\\/#website\"},\"datePublished\":\"2020-06-30T14:45:52+00:00\",\"dateModified\":\"2024-08-27T13:52:20+00:00\",\"breadcrumb\":{\"@id\":\"https:\\\/\\\/www.morandibortot.it\\\/de\\\/informativa\\\/#breadcrumb\"},\"inLanguage\":\"de-DE\",\"potentialAction\":[{\"@type\":\"ReadAction\",\"target\":[\"https:\\\/\\\/www.morandibortot.it\\\/de\\\/informativa\\\/\"]}]},{\"@type\":\"BreadcrumbList\",\"@id\":\"https:\\\/\\\/www.morandibortot.it\\\/de\\\/informativa\\\/#breadcrumb\",\"itemListElement\":[{\"@type\":\"ListItem\",\"position\":1,\"name\":\"Home\",\"item\":\"https:\\\/\\\/www.morandibortot.it\\\/de\\\/\"},{\"@type\":\"ListItem\",\"position\":2,\"name\":\"informativa\"}]},{\"@type\":\"WebSite\",\"@id\":\"https:\\\/\\\/www.morandibortot.it\\\/#website\",\"url\":\"https:\\\/\\\/www.morandibortot.it\\\/\",\"name\":\"Morandi Bortot\",\"description\":\"\",\"publisher\":{\"@id\":\"https:\\\/\\\/www.morandibortot.it\\\/#organization\"},\"potentialAction\":[{\"@type\":\"SearchAction\",\"target\":{\"@type\":\"EntryPoint\",\"urlTemplate\":\"https:\\\/\\\/www.morandibortot.it\\\/?s={search_term_string}\"},\"query-input\":{\"@type\":\"PropertyValueSpecification\",\"valueRequired\":true,\"valueName\":\"search_term_string\"}}],\"inLanguage\":\"de-DE\"},{\"@type\":\"Organization\",\"@id\":\"https:\\\/\\\/www.morandibortot.it\\\/#organization\",\"name\":\"Morandi Bortot\",\"url\":\"https:\\\/\\\/www.morandibortot.it\\\/\",\"logo\":{\"@type\":\"ImageObject\",\"inLanguage\":\"de-DE\",\"@id\":\"https:\\\/\\\/www.morandibortot.it\\\/#\\\/schema\\\/logo\\\/image\\\/\",\"url\":\"https:\\\/\\\/www.morandibortot.it\\\/wp-content\\\/uploads\\\/2020\\\/06\\\/cropped-MORANDI_BORTOT_LOGO_BIANCO_PAYOFF.png\",\"contentUrl\":\"https:\\\/\\\/www.morandibortot.it\\\/wp-content\\\/uploads\\\/2020\\\/06\\\/cropped-MORANDI_BORTOT_LOGO_BIANCO_PAYOFF.png\",\"width\":500,\"height\":404,\"caption\":\"Morandi Bortot\"},\"image\":{\"@id\":\"https:\\\/\\\/www.morandibortot.it\\\/#\\\/schema\\\/logo\\\/image\\\/\"}}]}<\/script>\n<!-- \/ Yoast SEO plugin. -->","yoast_head_json":{"title":"informativa - Morandi Bortot","robots":{"index":"index","follow":"follow","max-snippet":"max-snippet:-1","max-image-preview":"max-image-preview:large","max-video-preview":"max-video-preview:-1"},"canonical":"https:\/\/www.morandibortot.it\/de\/informativa\/","og_locale":"de_DE","og_type":"article","og_title":"informativa - Morandi Bortot","og_description":"Informationsschrift gem\u00e4\u00df Art. 13 der italienischen Gesetzesverordnung D.Lgs 196\/2003 und gem\u00e4\u00df den Artikeln 13-14 EU-Verordnung 2016\/679 Die durch das Ausf\u00fcllen dieses Formulars \u00fcbermittelten Daten werden auf Papier und elektronisch verarbeitet. Ihre Daten werden ausschlie\u00dflich zur Beantwortung Ihrer Anfrage verwendet. Die Bereitstellung der Daten und die Einwilligung zur Verarbeitung sind zwingend erforderlich, weil andernfalls keine E-Mail [&hellip;]","og_url":"https:\/\/www.morandibortot.it\/de\/informativa\/","og_site_name":"Morandi Bortot","article_modified_time":"2024-08-27T13:52:20+00:00","twitter_card":"summary_large_image","twitter_misc":{"Est. reading time":"1 minute"},"schema":{"@context":"https:\/\/schema.org","@graph":[{"@type":"WebPage","@id":"https:\/\/www.morandibortot.it\/de\/informativa\/","url":"https:\/\/www.morandibortot.it\/de\/informativa\/","name":"informativa - Morandi Bortot","isPartOf":{"@id":"https:\/\/www.morandibortot.it\/#website"},"datePublished":"2020-06-30T14:45:52+00:00","dateModified":"2024-08-27T13:52:20+00:00","breadcrumb":{"@id":"https:\/\/www.morandibortot.it\/de\/informativa\/#breadcrumb"},"inLanguage":"de-DE","potentialAction":[{"@type":"ReadAction","target":["https:\/\/www.morandibortot.it\/de\/informativa\/"]}]},{"@type":"BreadcrumbList","@id":"https:\/\/www.morandibortot.it\/de\/informativa\/#breadcrumb","itemListElement":[{"@type":"ListItem","position":1,"name":"Home","item":"https:\/\/www.morandibortot.it\/de\/"},{"@type":"ListItem","position":2,"name":"informativa"}]},{"@type":"WebSite","@id":"https:\/\/www.morandibortot.it\/#website","url":"https:\/\/www.morandibortot.it\/","name":"Morandi Bortot","description":"","publisher":{"@id":"https:\/\/www.morandibortot.it\/#organization"},"potentialAction":[{"@type":"SearchAction","target":{"@type":"EntryPoint","urlTemplate":"https:\/\/www.morandibortot.it\/?s={search_term_string}"},"query-input":{"@type":"PropertyValueSpecification","valueRequired":true,"valueName":"search_term_string"}}],"inLanguage":"de-DE"},{"@type":"Organization","@id":"https:\/\/www.morandibortot.it\/#organization","name":"Morandi Bortot","url":"https:\/\/www.morandibortot.it\/","logo":{"@type":"ImageObject","inLanguage":"de-DE","@id":"https:\/\/www.morandibortot.it\/#\/schema\/logo\/image\/","url":"https:\/\/www.morandibortot.it\/wp-content\/uploads\/2020\/06\/cropped-MORANDI_BORTOT_LOGO_BIANCO_PAYOFF.png","contentUrl":"https:\/\/www.morandibortot.it\/wp-content\/uploads\/2020\/06\/cropped-MORANDI_BORTOT_LOGO_BIANCO_PAYOFF.png","width":500,"height":404,"caption":"Morandi Bortot"},"image":{"@id":"https:\/\/www.morandibortot.it\/#\/schema\/logo\/image\/"}}]}},"_links":{"self":[{"href":"https:\/\/www.morandibortot.it\/de\/wp-json\/wp\/v2\/pages\/1681","targetHints":{"allow":["GET"]}}],"collection":[{"href":"https:\/\/www.morandibortot.it\/de\/wp-json\/wp\/v2\/pages"}],"about":[{"href":"https:\/\/www.morandibortot.it\/de\/wp-json\/wp\/v2\/types\/page"}],"author":[{"embeddable":true,"href":"https:\/\/www.morandibortot.it\/de\/wp-json\/wp\/v2\/users\/2"}],"replies":[{"embeddable":true,"href":"https:\/\/www.morandibortot.it\/de\/wp-json\/wp\/v2\/comments?post=1681"}],"version-history":[{"count":0,"href":"https:\/\/www.morandibortot.it\/de\/wp-json\/wp\/v2\/pages\/1681\/revisions"}],"wp:attachment":[{"href":"https:\/\/www.morandibortot.it\/de\/wp-json\/wp\/v2\/media?parent=1681"}],"curies":[{"name":"wp","href":"https:\/\/api.w.org\/{rel}","templated":true}]}}