{"id":1687,"date":"2020-06-30T16:46:56","date_gmt":"2020-06-30T14:46:56","guid":{"rendered":"http:\/\/p14809-mor.weblx2.piuinternet.it\/info-legali\/"},"modified":"2020-06-30T16:46:57","modified_gmt":"2020-06-30T14:46:57","slug":"info-legali","status":"publish","type":"page","link":"https:\/\/www.morandibortot.it\/de\/info-legali\/","title":{"rendered":"info legali"},"content":{"rendered":"\t\t<div data-elementor-type=\"wp-page\" data-elementor-id=\"1687\" class=\"elementor elementor-1687 elementor-1665\" data-elementor-post-type=\"page\">\n\t\t\t\t\t\t<section class=\"elementor-section elementor-top-section elementor-element elementor-element-9d0868d elementor-section-height-min-height elementor-section-stretched elementor-section-boxed elementor-section-height-default elementor-section-items-middle\" data-id=\"9d0868d\" data-element_type=\"section\" data-e-type=\"section\" data-settings=\"{&quot;background_background&quot;:&quot;slideshow&quot;,&quot;background_slideshow_gallery&quot;:[{&quot;id&quot;:139,&quot;url&quot;:&quot;https:\\\/\\\/www.morandibortot.it\\\/wp-content\\\/uploads\\\/2020\\\/05\\\/MG_0042-e1572861815694-1.jpg&quot;},{&quot;id&quot;:403,&quot;url&quot;:&quot;https:\\\/\\\/www.morandibortot.it\\\/wp-content\\\/uploads\\\/2020\\\/06\\\/interior-2685521_1920.jpg&quot;},{&quot;id&quot;:638,&quot;url&quot;:&quot;https:\\\/\\\/www.morandibortot.it\\\/wp-content\\\/uploads\\\/2020\\\/06\\\/architecture-1867592_1920.jpg&quot;}],&quot;stretch_section&quot;:&quot;section-stretched&quot;,&quot;background_slideshow_ken_burns&quot;:&quot;yes&quot;,&quot;background_slideshow_ken_burns_zoom_direction&quot;:&quot;out&quot;,&quot;background_slideshow_loop&quot;:&quot;yes&quot;,&quot;background_slideshow_slide_duration&quot;:5000,&quot;background_slideshow_slide_transition&quot;:&quot;fade&quot;,&quot;background_slideshow_transition_duration&quot;:500}\">\n\t\t\t\t\t\t\t<div class=\"elementor-background-overlay\"><\/div>\n\t\t\t\t\t\t\t<div class=\"elementor-container elementor-column-gap-default\">\n\t\t\t\t\t<div class=\"elementor-column elementor-col-100 elementor-top-column elementor-element elementor-element-7b38002\" data-id=\"7b38002\" data-element_type=\"column\" data-e-type=\"column\">\n\t\t\t<div class=\"elementor-widget-wrap elementor-element-populated\">\n\t\t\t\t\t\t<div class=\"elementor-element elementor-element-b04752a elementor-widget elementor-widget-heading\" data-id=\"b04752a\" data-element_type=\"widget\" data-e-type=\"widget\" data-widget_type=\"heading.default\">\n\t\t\t\t<div class=\"elementor-widget-container\">\n\t\t\t\t\t<h2 class=\"elementor-heading-title elementor-size-default\">info legali<\/h2>\t\t\t\t<\/div>\n\t\t\t\t<\/div>\n\t\t\t\t\t<\/div>\n\t\t<\/div>\n\t\t\t\t\t<\/div>\n\t\t<\/section>\n\t\t\t\t<section class=\"elementor-section elementor-top-section elementor-element elementor-element-61a9f30 elementor-section-boxed elementor-section-height-default elementor-section-height-default\" data-id=\"61a9f30\" data-element_type=\"section\" data-e-type=\"section\">\n\t\t\t\t\t\t<div class=\"elementor-container elementor-column-gap-default\">\n\t\t\t\t\t<div class=\"elementor-column elementor-col-100 elementor-top-column elementor-element elementor-element-846af2f\" data-id=\"846af2f\" data-element_type=\"column\" data-e-type=\"column\">\n\t\t\t<div class=\"elementor-widget-wrap elementor-element-populated\">\n\t\t\t\t\t\t<div class=\"elementor-element elementor-element-04e8fbc elementor-widget elementor-widget-text-editor\" data-id=\"04e8fbc\" data-element_type=\"widget\" data-e-type=\"widget\" data-widget_type=\"text-editor.default\">\n\t\t\t\t<div class=\"elementor-widget-container\">\n\t\t\t\t\t\t\t\t\t<p><strong>GESELLSCHAFTSDATEN<\/strong><\/p>\n<p>Gesellschaftsname: Morandi Bortot srl<br \/>\nGesch\u00e4fts- und Betriebssitz: Via Piave 70 31028 Tezze di Vazzola (TV)<br \/>\nGesch\u00e4fts- und Betriebssitz: Via Piave 70 31028 Tezze di Vazzola (TV)<br \/>\nSteuernummer: 01107610261<br \/>\nUmsatzsteuer-Identifikationsnummer: 01107610261<br \/>\nHandelsregisteramt: Reg. Impr. TV<br \/>\nWirtschaftliches Verwaltungsregister (R.E.A.): TV 141300<\/p>\n<p><strong>INFORMATIONSSCHRIFTEN UND EINWILLIGUNGEN DES UNTERNEHMENS<\/strong><\/p>\n<p><strong>Morandi Bortot srl<\/strong><\/p>\n<p><a href=\"https:\/\/morandibortot.it\/de\/privacy-policy\/\" target=\"_blank\" rel=\"noopener\"><strong><u>Informationsschrift des Unternehmens zur Datenverarbeitung\u00a0<\/u><\/strong>\u00a0<em>(<\/em>https:\/\/morandibortot.it\/de\/privacy-policy\/)<br \/>\n<\/a><a href=\"https:\/\/morandibortot.it\/de\/cookies-policy\" target=\"_blank\" rel=\"noopener\"><strong><u>Einwilligung nach Aufkl\u00e4rung des Unternehmens \u00fcber die Datenverarbeitung\u00a0<\/u><\/strong><em>(<\/em>https:\/\/morandibortot.it\/de\/cookies-policy)<br \/>\n<\/a><a href=\"http:\/\/piuinternet-dev.it\/bozze-grafiche\/variabili-sito\/\" target=\"_blank\" rel=\"noopener\"><strong><u>Newsletter-Politik der Website\u00a0<\/u><\/strong><em>(<\/em>)<\/a><\/p>\n<p><strong>HINWEISE ZU URHEBERRECHTEN UND EINGETRAGENEN WARENZEICHEN<\/strong><\/p>\n<p>Der gesamte Inhalt dieser Website wird von den Urheberrechten (copyright \u00a9) 2020 der Firma Morandi Bortot srloder ihrer Zulieferer gesch\u00fctzt. Alle Rechte sind den Eigent\u00fcmern gesetzlich vorbehalten.<br \/>\nGem\u00e4\u00df Art. 1, Absatz 1 des Gesetzesdekrets Nr. 72 vom 22. M\u00e4rz 2004, so wie durch das Umwandlungsgesetz Nr. 128 vom 21. Mai 2004 ge\u00e4ndert, erf\u00fcllen die auf dieser Website befindlichen Inhalte die Verpflichtungen, die sich aus der Gesetzgebung \u00fcber das Urheberrecht und den damit verbundenen Rechten ergeben.<br \/>\nDie Vervielf\u00e4ltigung, die Mitteilung an die \u00d6ffentlichkeit, die \u00f6ffentliche Zug\u00e4nglichmachung, die Vermietung und der Verleih, die \u00f6ffentliche Ausf\u00fchrung und Verbreitung sind ohne Zustimmung des Inhabers der Rechte verboten.<\/p>\n<p>Verst\u00f6\u00dfe unterliegen den Sanktionen der Artikel 171, 171-bis, 171-ter, 174-bis und 174-ter des Gesetzes 633\/1941.<br \/>\nGem\u00e4\u00df Art. 5 des Gesetzes Nr. 633 vom 22. April 1941 \u00fcber den Schutz des Urheberrechts, unterliegen<br \/>\ndie Texte offizieller Dokumente des Staates und der \u00f6ffentlichen Verwaltungen, sowohl in Italien als auch im Ausland, nicht dem Urheberrecht.<br \/>\nDas angegebene Copyright bezieht sich auf die Verarbeitung und Darstellungsform der Texte selbst.<\/p>\n<p>Vermeintliche Urheberrechtsverletzungen<\/p>\n<p>Diese Mitteilungen m\u00fcssen schriftlich erfolgen und an die nachstehende Adresse, Faxnummer oder E-Mail-Adresse des zust\u00e4ndigen Vertreters von<br \/>\nMorandi Bortot srlgesendet werden:<\/p>\n<p>Gesellschaftsname: Via Piave 70 31028 Tezze di Vazzola (TV)<br \/>\nGesch\u00e4fts- und Betriebssitz: Via Piave 70 31028 Tezze di Vazzola (TV)<br \/>\nPhone: +39 0438 28719 \/ 488182 \u2013 Fax: +39 0438 2802<br \/>\neM.\u00a0<a href=\"mailto:info@morandibortot.it\">info@morandibortot.it<\/a><\/p>\n\t\t\t\t\t\t\t\t<\/div>\n\t\t\t\t<\/div>\n\t\t\t\t\t<\/div>\n\t\t<\/div>\n\t\t\t\t\t<\/div>\n\t\t<\/section>\n\t\t\t\t<\/div>\n\t\t","protected":false},"excerpt":{"rendered":"<p>GESELLSCHAFTSDATEN Gesellschaftsname: Morandi Bortot srl Gesch\u00e4fts- und Betriebssitz: Via Piave 70 31028 Tezze di Vazzola (TV) Gesch\u00e4fts- und Betriebssitz: Via Piave 70 31028 Tezze di Vazzola (TV) Steuernummer: 01107610261 Umsatzsteuer-Identifikationsnummer: 01107610261 Handelsregisteramt: Reg. Impr. TV Wirtschaftliches Verwaltungsregister (R.E.A.): TV 141300 INFORMATIONSSCHRIFTEN UND EINWILLIGUNGEN DES UNTERNEHMENS Morandi Bortot srl Informationsschrift des Unternehmens zur Datenverarbeitung\u00a0\u00a0(https:\/\/morandibortot.it\/de\/privacy-policy\/) Einwilligung nach [&hellip;]<\/p>\n","protected":false},"author":2,"featured_media":0,"parent":0,"menu_order":0,"comment_status":"closed","ping_status":"closed","template":"elementor_header_footer","meta":{"ocean_post_layout":"","ocean_both_sidebars_style":"","ocean_both_sidebars_content_width":0,"ocean_both_sidebars_sidebars_width":0,"ocean_sidebar":"0","ocean_second_sidebar":"0","ocean_disable_margins":"enable","ocean_add_body_class":"","ocean_shortcode_before_top_bar":"","ocean_shortcode_after_top_bar":"","ocean_shortcode_before_header":"","ocean_shortcode_after_header":"","ocean_has_shortcode":"","ocean_shortcode_after_title":"","ocean_shortcode_before_footer_widgets":"","ocean_shortcode_after_footer_widgets":"","ocean_shortcode_before_footer_bottom":"","ocean_shortcode_after_footer_bottom":"","ocean_display_top_bar":"default","ocean_display_header":"default","ocean_header_style":"","ocean_center_header_left_menu":"0","ocean_custom_header_template":"0","ocean_custom_logo":0,"ocean_custom_retina_logo":0,"ocean_custom_logo_max_width":0,"ocean_custom_logo_tablet_max_width":0,"ocean_custom_logo_mobile_max_width":0,"ocean_custom_logo_max_height":0,"ocean_custom_logo_tablet_max_height":0,"ocean_custom_logo_mobile_max_height":0,"ocean_header_custom_menu":"0","ocean_menu_typo_font_family":"0","ocean_menu_typo_font_subset":"","ocean_menu_typo_font_size":0,"ocean_menu_typo_font_size_tablet":0,"ocean_menu_typo_font_size_mobile":0,"ocean_menu_typo_font_size_unit":"px","ocean_menu_typo_font_weight":"","ocean_menu_typo_font_weight_tablet":"","ocean_menu_typo_font_weight_mobile":"","ocean_menu_typo_transform":"","ocean_menu_typo_transform_tablet":"","ocean_menu_typo_transform_mobile":"","ocean_menu_typo_line_height":0,"ocean_menu_typo_line_height_tablet":0,"ocean_menu_typo_line_height_mobile":0,"ocean_menu_typo_line_height_unit":"","ocean_menu_typo_spacing":0,"ocean_menu_typo_spacing_tablet":0,"ocean_menu_typo_spacing_mobile":0,"ocean_menu_typo_spacing_unit":"","ocean_menu_link_color":"","ocean_menu_link_color_hover":"","ocean_menu_link_color_active":"","ocean_menu_link_background":"","ocean_menu_link_hover_background":"","ocean_menu_link_active_background":"","ocean_menu_social_links_bg":"","ocean_menu_social_hover_links_bg":"","ocean_menu_social_links_color":"","ocean_menu_social_hover_links_color":"","ocean_disable_title":"default","ocean_disable_heading":"default","ocean_post_title":"","ocean_post_subheading":"","ocean_post_title_style":"","ocean_post_title_background_color":"","ocean_post_title_background":0,"ocean_post_title_bg_image_position":"","ocean_post_title_bg_image_attachment":"","ocean_post_title_bg_image_repeat":"","ocean_post_title_bg_image_size":"","ocean_post_title_height":0,"ocean_post_title_bg_overlay":0.5,"ocean_post_title_bg_overlay_color":"","ocean_disable_breadcrumbs":"default","ocean_breadcrumbs_color":"","ocean_breadcrumbs_separator_color":"","ocean_breadcrumbs_links_color":"","ocean_breadcrumbs_links_hover_color":"","ocean_display_footer_widgets":"default","ocean_display_footer_bottom":"default","ocean_custom_footer_template":"0","footnotes":""},"class_list":["post-1687","page","type-page","status-publish","hentry","entry","owp-thumbs-layout-horizontal","owp-btn-normal","owp-tabs-layout-horizontal","has-no-thumbnails","has-product-nav"],"yoast_head":"<!-- This site is optimized with the Yoast SEO plugin v27.4 - https:\/\/yoast.com\/product\/yoast-seo-wordpress\/ -->\n<title>info legali - Morandi Bortot<\/title>\n<meta name=\"robots\" content=\"index, follow, max-snippet:-1, max-image-preview:large, max-video-preview:-1\" \/>\n<link rel=\"canonical\" href=\"https:\/\/www.morandibortot.it\/info-legali\/\" \/>\n<meta property=\"og:locale\" content=\"de_DE\" \/>\n<meta property=\"og:type\" content=\"article\" \/>\n<meta property=\"og:title\" content=\"info legali - Morandi Bortot\" \/>\n<meta property=\"og:description\" content=\"GESELLSCHAFTSDATEN Gesellschaftsname: Morandi Bortot srl Gesch\u00e4fts- und Betriebssitz: Via Piave 70 31028 Tezze di Vazzola (TV) Gesch\u00e4fts- und Betriebssitz: Via Piave 70 31028 Tezze di Vazzola (TV) Steuernummer: 01107610261 Umsatzsteuer-Identifikationsnummer: 01107610261 Handelsregisteramt: Reg. Impr. TV Wirtschaftliches Verwaltungsregister (R.E.A.): TV 141300 INFORMATIONSSCHRIFTEN UND EINWILLIGUNGEN DES UNTERNEHMENS Morandi Bortot srl Informationsschrift des Unternehmens zur Datenverarbeitung\u00a0\u00a0(https:\/\/morandibortot.it\/de\/privacy-policy\/) Einwilligung nach [&hellip;]\" \/>\n<meta property=\"og:url\" content=\"https:\/\/www.morandibortot.it\/info-legali\/\" \/>\n<meta property=\"og:site_name\" content=\"Morandi Bortot\" \/>\n<meta property=\"article:modified_time\" content=\"2020-06-30T14:46:57+00:00\" \/>\n<meta name=\"twitter:card\" content=\"summary_large_image\" \/>\n<meta name=\"twitter:label1\" content=\"Est. reading time\" \/>\n\t<meta name=\"twitter:data1\" content=\"1 minute\" \/>\n<script type=\"application\/ld+json\" class=\"yoast-schema-graph\">{\"@context\":\"https:\\\/\\\/schema.org\",\"@graph\":[{\"@type\":\"WebPage\",\"@id\":\"https:\\\/\\\/www.morandibortot.it\\\/info-legali\\\/\",\"url\":\"https:\\\/\\\/www.morandibortot.it\\\/info-legali\\\/\",\"name\":\"info legali - Morandi Bortot\",\"isPartOf\":{\"@id\":\"https:\\\/\\\/www.morandibortot.it\\\/#website\"},\"datePublished\":\"2020-06-30T14:46:56+00:00\",\"dateModified\":\"2020-06-30T14:46:57+00:00\",\"breadcrumb\":{\"@id\":\"https:\\\/\\\/www.morandibortot.it\\\/info-legali\\\/#breadcrumb\"},\"inLanguage\":\"de-DE\",\"potentialAction\":[{\"@type\":\"ReadAction\",\"target\":[\"https:\\\/\\\/www.morandibortot.it\\\/info-legali\\\/\"]}]},{\"@type\":\"BreadcrumbList\",\"@id\":\"https:\\\/\\\/www.morandibortot.it\\\/info-legali\\\/#breadcrumb\",\"itemListElement\":[{\"@type\":\"ListItem\",\"position\":1,\"name\":\"Home\",\"item\":\"https:\\\/\\\/www.morandibortot.it\\\/de\\\/\"},{\"@type\":\"ListItem\",\"position\":2,\"name\":\"info legali\"}]},{\"@type\":\"WebSite\",\"@id\":\"https:\\\/\\\/www.morandibortot.it\\\/#website\",\"url\":\"https:\\\/\\\/www.morandibortot.it\\\/\",\"name\":\"Morandi Bortot\",\"description\":\"\",\"publisher\":{\"@id\":\"https:\\\/\\\/www.morandibortot.it\\\/#organization\"},\"potentialAction\":[{\"@type\":\"SearchAction\",\"target\":{\"@type\":\"EntryPoint\",\"urlTemplate\":\"https:\\\/\\\/www.morandibortot.it\\\/?s={search_term_string}\"},\"query-input\":{\"@type\":\"PropertyValueSpecification\",\"valueRequired\":true,\"valueName\":\"search_term_string\"}}],\"inLanguage\":\"de-DE\"},{\"@type\":\"Organization\",\"@id\":\"https:\\\/\\\/www.morandibortot.it\\\/#organization\",\"name\":\"Morandi Bortot\",\"url\":\"https:\\\/\\\/www.morandibortot.it\\\/\",\"logo\":{\"@type\":\"ImageObject\",\"inLanguage\":\"de-DE\",\"@id\":\"https:\\\/\\\/www.morandibortot.it\\\/#\\\/schema\\\/logo\\\/image\\\/\",\"url\":\"https:\\\/\\\/www.morandibortot.it\\\/wp-content\\\/uploads\\\/2020\\\/06\\\/cropped-MORANDI_BORTOT_LOGO_BIANCO_PAYOFF.png\",\"contentUrl\":\"https:\\\/\\\/www.morandibortot.it\\\/wp-content\\\/uploads\\\/2020\\\/06\\\/cropped-MORANDI_BORTOT_LOGO_BIANCO_PAYOFF.png\",\"width\":500,\"height\":404,\"caption\":\"Morandi Bortot\"},\"image\":{\"@id\":\"https:\\\/\\\/www.morandibortot.it\\\/#\\\/schema\\\/logo\\\/image\\\/\"}}]}<\/script>\n<!-- \/ Yoast SEO plugin. -->","yoast_head_json":{"title":"info legali - Morandi Bortot","robots":{"index":"index","follow":"follow","max-snippet":"max-snippet:-1","max-image-preview":"max-image-preview:large","max-video-preview":"max-video-preview:-1"},"canonical":"https:\/\/www.morandibortot.it\/info-legali\/","og_locale":"de_DE","og_type":"article","og_title":"info legali - Morandi Bortot","og_description":"GESELLSCHAFTSDATEN Gesellschaftsname: Morandi Bortot srl Gesch\u00e4fts- und Betriebssitz: Via Piave 70 31028 Tezze di Vazzola (TV) Gesch\u00e4fts- und Betriebssitz: Via Piave 70 31028 Tezze di Vazzola (TV) Steuernummer: 01107610261 Umsatzsteuer-Identifikationsnummer: 01107610261 Handelsregisteramt: Reg. Impr. TV Wirtschaftliches Verwaltungsregister (R.E.A.): TV 141300 INFORMATIONSSCHRIFTEN UND EINWILLIGUNGEN DES UNTERNEHMENS Morandi Bortot srl Informationsschrift des Unternehmens zur Datenverarbeitung\u00a0\u00a0(https:\/\/morandibortot.it\/de\/privacy-policy\/) Einwilligung nach [&hellip;]","og_url":"https:\/\/www.morandibortot.it\/info-legali\/","og_site_name":"Morandi Bortot","article_modified_time":"2020-06-30T14:46:57+00:00","twitter_card":"summary_large_image","twitter_misc":{"Est. reading time":"1 minute"},"schema":{"@context":"https:\/\/schema.org","@graph":[{"@type":"WebPage","@id":"https:\/\/www.morandibortot.it\/info-legali\/","url":"https:\/\/www.morandibortot.it\/info-legali\/","name":"info legali - Morandi Bortot","isPartOf":{"@id":"https:\/\/www.morandibortot.it\/#website"},"datePublished":"2020-06-30T14:46:56+00:00","dateModified":"2020-06-30T14:46:57+00:00","breadcrumb":{"@id":"https:\/\/www.morandibortot.it\/info-legali\/#breadcrumb"},"inLanguage":"de-DE","potentialAction":[{"@type":"ReadAction","target":["https:\/\/www.morandibortot.it\/info-legali\/"]}]},{"@type":"BreadcrumbList","@id":"https:\/\/www.morandibortot.it\/info-legali\/#breadcrumb","itemListElement":[{"@type":"ListItem","position":1,"name":"Home","item":"https:\/\/www.morandibortot.it\/de\/"},{"@type":"ListItem","position":2,"name":"info legali"}]},{"@type":"WebSite","@id":"https:\/\/www.morandibortot.it\/#website","url":"https:\/\/www.morandibortot.it\/","name":"Morandi Bortot","description":"","publisher":{"@id":"https:\/\/www.morandibortot.it\/#organization"},"potentialAction":[{"@type":"SearchAction","target":{"@type":"EntryPoint","urlTemplate":"https:\/\/www.morandibortot.it\/?s={search_term_string}"},"query-input":{"@type":"PropertyValueSpecification","valueRequired":true,"valueName":"search_term_string"}}],"inLanguage":"de-DE"},{"@type":"Organization","@id":"https:\/\/www.morandibortot.it\/#organization","name":"Morandi Bortot","url":"https:\/\/www.morandibortot.it\/","logo":{"@type":"ImageObject","inLanguage":"de-DE","@id":"https:\/\/www.morandibortot.it\/#\/schema\/logo\/image\/","url":"https:\/\/www.morandibortot.it\/wp-content\/uploads\/2020\/06\/cropped-MORANDI_BORTOT_LOGO_BIANCO_PAYOFF.png","contentUrl":"https:\/\/www.morandibortot.it\/wp-content\/uploads\/2020\/06\/cropped-MORANDI_BORTOT_LOGO_BIANCO_PAYOFF.png","width":500,"height":404,"caption":"Morandi Bortot"},"image":{"@id":"https:\/\/www.morandibortot.it\/#\/schema\/logo\/image\/"}}]}},"_links":{"self":[{"href":"https:\/\/www.morandibortot.it\/de\/wp-json\/wp\/v2\/pages\/1687","targetHints":{"allow":["GET"]}}],"collection":[{"href":"https:\/\/www.morandibortot.it\/de\/wp-json\/wp\/v2\/pages"}],"about":[{"href":"https:\/\/www.morandibortot.it\/de\/wp-json\/wp\/v2\/types\/page"}],"author":[{"embeddable":true,"href":"https:\/\/www.morandibortot.it\/de\/wp-json\/wp\/v2\/users\/2"}],"replies":[{"embeddable":true,"href":"https:\/\/www.morandibortot.it\/de\/wp-json\/wp\/v2\/comments?post=1687"}],"version-history":[{"count":0,"href":"https:\/\/www.morandibortot.it\/de\/wp-json\/wp\/v2\/pages\/1687\/revisions"}],"wp:attachment":[{"href":"https:\/\/www.morandibortot.it\/de\/wp-json\/wp\/v2\/media?parent=1687"}],"curies":[{"name":"wp","href":"https:\/\/api.w.org\/{rel}","templated":true}]}}