{"id":1464,"date":"2020-05-26T10:37:55","date_gmt":"2020-05-26T08:37:55","guid":{"rendered":"https:\/\/p14809-mor.weblx2.piuinternet.it\/prodotto\/loschkalk-oder-sumpfkalk-extra-eingesumpft-24-und-36-monate-eingesumpft\/"},"modified":"2024-10-04T15:05:17","modified_gmt":"2024-10-04T13:05:17","slug":"loschkalk-oder-sumpfkalk-extra-eingesumpft-24-und-36-monate-eingesumpft","status":"publish","type":"product","link":"https:\/\/www.morandibortot.it\/de\/kalkprodukte-fur-restaurierung\/loschkalk-oder-sumpfkalk-extra-eingesumpft-24-und-36-monate-eingesumpft\/","title":{"rendered":"L\u00d6SCHKALK oder SUMPFKALK EXTRA EINGESUMPFT (24 und 36 Monate eingesumpft)"},"content":{"rendered":"<p>Der so gewonnene Branntkalk wird anschlie\u00dfend mit reichlich Wasser \u201egel\u00f6scht\u201c, was zu L\u00d6SCHKALK oder extra eingesumpften Luftkalk f\u00fchrt. Das Produkt wird mindestens 24 und 36 Monate in speziellen Becken eingesumpft: In diesem Zeitraum ordnen sich die hexagonalen Kristalle der Produktstruktur nach und nach in parallelen Reihen an und machen den Sumpfkalk kompakt, leimig, stark und verarbeitbar. Dadurch wird er eingesumpft und einsatzbereit.<br \/>\nDie nat\u00fcrlichen Eigenschaften machen ihn zum idealen Produkt entsprechend der aktuellen Philosophie des nachhaltigen Bauens: gesundheitsbewusst und besonders aufmerksam auf Mensch und Umwelt.<\/p>\n<p><strong>Anwendungsbereiche<\/strong><br \/>\nDer L\u00d6SCHKALK oder extra eingesumpfte Luftkalk eignet sich zur Wandmalerei und Dekoration, Gl\u00e4ttung, Reliefs und Marmorino von hohem \u00e4sthetischen und architektonischen Wert sowie Fresken.<\/p>\n","protected":false},"excerpt":{"rendered":"<p>Das Luftkalk-Bindemittel wird nach traditionellen Methoden hergestellt. Nach der sorgf\u00e4ltigen Auswahl des Steins aus Steinbr\u00fcchen, wird er langsam in speziellen \u00d6fen bei 950-980 \u00b0C gebrannt. Der verwendete Brennsoff ist S\u00e4gemehl.<\/p>\n<p><strong>LIEFERUMFANG<\/strong><br \/>\n\u2022 S\u00e4cke von ca. 30 kg.<br \/>\n\u2022 Verpackung von ca. 900 kg. (n\u00b0 30 S\u00e4cke \u00e0 ca. 30 kg);<\/p>\n","protected":false},"featured_media":849,"comment_status":"open","ping_status":"closed","template":"","meta":{"ocean_post_layout":"","ocean_both_sidebars_style":"","ocean_both_sidebars_content_width":0,"ocean_both_sidebars_sidebars_width":0,"ocean_sidebar":"0","ocean_second_sidebar":"0","ocean_disable_margins":"enable","ocean_add_body_class":"","ocean_shortcode_before_top_bar":"","ocean_shortcode_after_top_bar":"","ocean_shortcode_before_header":"","ocean_shortcode_after_header":"","ocean_has_shortcode":"","ocean_shortcode_after_title":"","ocean_shortcode_before_footer_widgets":"","ocean_shortcode_after_footer_widgets":"","ocean_shortcode_before_footer_bottom":"","ocean_shortcode_after_footer_bottom":"","ocean_display_top_bar":"default","ocean_display_header":"default","ocean_header_style":"","ocean_center_header_left_menu":"0","ocean_custom_header_template":"0","ocean_custom_logo":0,"ocean_custom_retina_logo":0,"ocean_custom_logo_max_width":0,"ocean_custom_logo_tablet_max_width":0,"ocean_custom_logo_mobile_max_width":0,"ocean_custom_logo_max_height":0,"ocean_custom_logo_tablet_max_height":0,"ocean_custom_logo_mobile_max_height":0,"ocean_header_custom_menu":"0","ocean_menu_typo_font_family":"0","ocean_menu_typo_font_subset":"","ocean_menu_typo_font_size":0,"ocean_menu_typo_font_size_tablet":0,"ocean_menu_typo_font_size_mobile":0,"ocean_menu_typo_font_size_unit":"px","ocean_menu_typo_font_weight":"","ocean_menu_typo_font_weight_tablet":"","ocean_menu_typo_font_weight_mobile":"","ocean_menu_typo_transform":"","ocean_menu_typo_transform_tablet":"","ocean_menu_typo_transform_mobile":"","ocean_menu_typo_line_height":0,"ocean_menu_typo_line_height_tablet":0,"ocean_menu_typo_line_height_mobile":0,"ocean_menu_typo_line_height_unit":"","ocean_menu_typo_spacing":0,"ocean_menu_typo_spacing_tablet":0,"ocean_menu_typo_spacing_mobile":0,"ocean_menu_typo_spacing_unit":"","ocean_menu_link_color":"","ocean_menu_link_color_hover":"","ocean_menu_link_color_active":"","ocean_menu_link_background":"","ocean_menu_link_hover_background":"","ocean_menu_link_active_background":"","ocean_menu_social_links_bg":"","ocean_menu_social_hover_links_bg":"","ocean_menu_social_links_color":"","ocean_menu_social_hover_links_color":"","ocean_disable_title":"default","ocean_disable_heading":"default","ocean_post_title":"","ocean_post_subheading":"","ocean_post_title_style":"","ocean_post_title_background_color":"","ocean_post_title_background":0,"ocean_post_title_bg_image_position":"","ocean_post_title_bg_image_attachment":"","ocean_post_title_bg_image_repeat":"","ocean_post_title_bg_image_size":"","ocean_post_title_height":0,"ocean_post_title_bg_overlay":0.5,"ocean_post_title_bg_overlay_color":"","ocean_disable_breadcrumbs":"default","ocean_breadcrumbs_color":"","ocean_breadcrumbs_separator_color":"","ocean_breadcrumbs_links_color":"","ocean_breadcrumbs_links_hover_color":"","ocean_display_footer_widgets":"default","ocean_display_footer_bottom":"default","ocean_custom_footer_template":"0"},"product_brand":[],"product_cat":[47],"product_tag":[],"class_list":{"0":"post-1464","1":"product","2":"type-product","3":"status-publish","4":"has-post-thumbnail","6":"product_cat-loschkalk","8":"entry","9":"has-media","11":"first","12":"instock","13":"shipping-taxable","14":"product-type-simple","15":"has-product-nav","16":"col","17":"span_1_of_3","18":"owp-content-center","19":"owp-thumbs-layout-horizontal","20":"owp-btn-normal","21":"owp-tabs-layout-horizontal"},"yoast_head":"<!-- This site is optimized with the Yoast SEO plugin v27.4 - https:\/\/yoast.com\/product\/yoast-seo-wordpress\/ -->\n<title>Unser 24 und 36 Monate extraeingesumpfter, wei\u00dfer Sumpfkalk.<\/title>\n<meta name=\"description\" content=\"Erfahren Sie mehr \u00fcber unseren 24 und 36 Monate extraeingesumpften, wei\u00dfen Sumpfkalk. Mit einer kompakten, viskoser, z\u00e4hen und verabeitbaren Struktur. Perfektes Malern und Dekorieren.\" \/>\n<meta name=\"robots\" content=\"index, follow, max-snippet:-1, max-image-preview:large, max-video-preview:-1\" \/>\n<link rel=\"canonical\" href=\"https:\/\/www.morandibortot.it\/de\/kalkprodukte-fur-restaurierung\/loschkalk-oder-sumpfkalk-extra-eingesumpft-24-und-36-monate-eingesumpft\/\" \/>\n<meta property=\"og:locale\" content=\"de_DE\" \/>\n<meta property=\"og:type\" content=\"article\" \/>\n<meta property=\"og:title\" content=\"Unser 24 und 36 Monate extraeingesumpfter, wei\u00dfer Sumpfkalk.\" \/>\n<meta property=\"og:description\" content=\"Erfahren Sie mehr \u00fcber unseren 24 und 36 Monate extraeingesumpften, wei\u00dfen Sumpfkalk. Mit einer kompakten, viskoser, z\u00e4hen und verabeitbaren Struktur. Perfektes Malern und Dekorieren.\" \/>\n<meta property=\"og:url\" content=\"https:\/\/www.morandibortot.it\/de\/kalkprodukte-fur-restaurierung\/loschkalk-oder-sumpfkalk-extra-eingesumpft-24-und-36-monate-eingesumpft\/\" \/>\n<meta property=\"og:site_name\" content=\"Morandi Bortot\" \/>\n<meta property=\"article:modified_time\" content=\"2024-10-04T13:05:17+00:00\" \/>\n<meta property=\"og:image\" content=\"https:\/\/www.morandibortot.it\/wp-content\/uploads\/2020\/05\/CALCE-SPENTA-o-GRASSELLO-EXTRA-STAGIONATO-stagionatura-24-e-36-mesi-sacco.jpg\" \/>\n\t<meta property=\"og:image:width\" content=\"406\" \/>\n\t<meta property=\"og:image:height\" content=\"368\" \/>\n\t<meta property=\"og:image:type\" content=\"image\/jpeg\" \/>\n<meta name=\"twitter:card\" content=\"summary_large_image\" \/>\n<meta name=\"twitter:label1\" content=\"Est. reading time\" \/>\n\t<meta name=\"twitter:data1\" content=\"1 minute\" \/>\n<script type=\"application\/ld+json\" class=\"yoast-schema-graph\">{\"@context\":\"https:\\\/\\\/schema.org\",\"@graph\":[{\"@type\":\"WebPage\",\"@id\":\"https:\\\/\\\/www.morandibortot.it\\\/de\\\/kalkprodukte-fur-restaurierung\\\/loschkalk-oder-sumpfkalk-extra-eingesumpft-24-und-36-monate-eingesumpft\\\/\",\"url\":\"https:\\\/\\\/www.morandibortot.it\\\/de\\\/kalkprodukte-fur-restaurierung\\\/loschkalk-oder-sumpfkalk-extra-eingesumpft-24-und-36-monate-eingesumpft\\\/\",\"name\":\"Unser 24 und 36 Monate extraeingesumpfter, wei\u00dfer Sumpfkalk.\",\"isPartOf\":{\"@id\":\"https:\\\/\\\/www.morandibortot.it\\\/#website\"},\"primaryImageOfPage\":{\"@id\":\"https:\\\/\\\/www.morandibortot.it\\\/de\\\/kalkprodukte-fur-restaurierung\\\/loschkalk-oder-sumpfkalk-extra-eingesumpft-24-und-36-monate-eingesumpft\\\/#primaryimage\"},\"image\":{\"@id\":\"https:\\\/\\\/www.morandibortot.it\\\/de\\\/kalkprodukte-fur-restaurierung\\\/loschkalk-oder-sumpfkalk-extra-eingesumpft-24-und-36-monate-eingesumpft\\\/#primaryimage\"},\"thumbnailUrl\":\"https:\\\/\\\/www.morandibortot.it\\\/wp-content\\\/uploads\\\/2020\\\/05\\\/CALCE-SPENTA-o-GRASSELLO-EXTRA-STAGIONATO-stagionatura-24-e-36-mesi-sacco.jpg\",\"datePublished\":\"2020-05-26T08:37:55+00:00\",\"dateModified\":\"2024-10-04T13:05:17+00:00\",\"description\":\"Erfahren Sie mehr \u00fcber unseren 24 und 36 Monate extraeingesumpften, wei\u00dfen Sumpfkalk. Mit einer kompakten, viskoser, z\u00e4hen und verabeitbaren Struktur. Perfektes Malern und Dekorieren.\",\"breadcrumb\":{\"@id\":\"https:\\\/\\\/www.morandibortot.it\\\/de\\\/kalkprodukte-fur-restaurierung\\\/loschkalk-oder-sumpfkalk-extra-eingesumpft-24-und-36-monate-eingesumpft\\\/#breadcrumb\"},\"inLanguage\":\"de-DE\",\"potentialAction\":[{\"@type\":\"ReadAction\",\"target\":[\"https:\\\/\\\/www.morandibortot.it\\\/de\\\/kalkprodukte-fur-restaurierung\\\/loschkalk-oder-sumpfkalk-extra-eingesumpft-24-und-36-monate-eingesumpft\\\/\"]}]},{\"@type\":\"ImageObject\",\"inLanguage\":\"de-DE\",\"@id\":\"https:\\\/\\\/www.morandibortot.it\\\/de\\\/kalkprodukte-fur-restaurierung\\\/loschkalk-oder-sumpfkalk-extra-eingesumpft-24-und-36-monate-eingesumpft\\\/#primaryimage\",\"url\":\"https:\\\/\\\/www.morandibortot.it\\\/wp-content\\\/uploads\\\/2020\\\/05\\\/CALCE-SPENTA-o-GRASSELLO-EXTRA-STAGIONATO-stagionatura-24-e-36-mesi-sacco.jpg\",\"contentUrl\":\"https:\\\/\\\/www.morandibortot.it\\\/wp-content\\\/uploads\\\/2020\\\/05\\\/CALCE-SPENTA-o-GRASSELLO-EXTRA-STAGIONATO-stagionatura-24-e-36-mesi-sacco.jpg\",\"width\":406,\"height\":368},{\"@type\":\"BreadcrumbList\",\"@id\":\"https:\\\/\\\/www.morandibortot.it\\\/de\\\/kalkprodukte-fur-restaurierung\\\/loschkalk-oder-sumpfkalk-extra-eingesumpft-24-und-36-monate-eingesumpft\\\/#breadcrumb\",\"itemListElement\":[{\"@type\":\"ListItem\",\"position\":1,\"name\":\"Home\",\"item\":\"https:\\\/\\\/www.morandibortot.it\\\/de\\\/\"},{\"@type\":\"ListItem\",\"position\":2,\"name\":\"Prodotti\",\"item\":\"https:\\\/\\\/www.morandibortot.it\\\/prodotti-calce-restauro\\\/\"},{\"@type\":\"ListItem\",\"position\":3,\"name\":\"L\u00d6SCHKALK oder SUMPFKALK EXTRA EINGESUMPFT (24 und 36 Monate eingesumpft)\"}]},{\"@type\":\"WebSite\",\"@id\":\"https:\\\/\\\/www.morandibortot.it\\\/#website\",\"url\":\"https:\\\/\\\/www.morandibortot.it\\\/\",\"name\":\"Morandi Bortot\",\"description\":\"\",\"publisher\":{\"@id\":\"https:\\\/\\\/www.morandibortot.it\\\/#organization\"},\"potentialAction\":[{\"@type\":\"SearchAction\",\"target\":{\"@type\":\"EntryPoint\",\"urlTemplate\":\"https:\\\/\\\/www.morandibortot.it\\\/?s={search_term_string}\"},\"query-input\":{\"@type\":\"PropertyValueSpecification\",\"valueRequired\":true,\"valueName\":\"search_term_string\"}}],\"inLanguage\":\"de-DE\"},{\"@type\":\"Organization\",\"@id\":\"https:\\\/\\\/www.morandibortot.it\\\/#organization\",\"name\":\"Morandi Bortot\",\"url\":\"https:\\\/\\\/www.morandibortot.it\\\/\",\"logo\":{\"@type\":\"ImageObject\",\"inLanguage\":\"de-DE\",\"@id\":\"https:\\\/\\\/www.morandibortot.it\\\/#\\\/schema\\\/logo\\\/image\\\/\",\"url\":\"https:\\\/\\\/www.morandibortot.it\\\/wp-content\\\/uploads\\\/2020\\\/06\\\/cropped-MORANDI_BORTOT_LOGO_BIANCO_PAYOFF.png\",\"contentUrl\":\"https:\\\/\\\/www.morandibortot.it\\\/wp-content\\\/uploads\\\/2020\\\/06\\\/cropped-MORANDI_BORTOT_LOGO_BIANCO_PAYOFF.png\",\"width\":500,\"height\":404,\"caption\":\"Morandi Bortot\"},\"image\":{\"@id\":\"https:\\\/\\\/www.morandibortot.it\\\/#\\\/schema\\\/logo\\\/image\\\/\"}}]}<\/script>\n<!-- \/ Yoast SEO plugin. -->","yoast_head_json":{"title":"Unser 24 und 36 Monate extraeingesumpfter, wei\u00dfer Sumpfkalk.","description":"Erfahren Sie mehr \u00fcber unseren 24 und 36 Monate extraeingesumpften, wei\u00dfen Sumpfkalk. Mit einer kompakten, viskoser, z\u00e4hen und verabeitbaren Struktur. Perfektes Malern und Dekorieren.","robots":{"index":"index","follow":"follow","max-snippet":"max-snippet:-1","max-image-preview":"max-image-preview:large","max-video-preview":"max-video-preview:-1"},"canonical":"https:\/\/www.morandibortot.it\/de\/kalkprodukte-fur-restaurierung\/loschkalk-oder-sumpfkalk-extra-eingesumpft-24-und-36-monate-eingesumpft\/","og_locale":"de_DE","og_type":"article","og_title":"Unser 24 und 36 Monate extraeingesumpfter, wei\u00dfer Sumpfkalk.","og_description":"Erfahren Sie mehr \u00fcber unseren 24 und 36 Monate extraeingesumpften, wei\u00dfen Sumpfkalk. Mit einer kompakten, viskoser, z\u00e4hen und verabeitbaren Struktur. Perfektes Malern und Dekorieren.","og_url":"https:\/\/www.morandibortot.it\/de\/kalkprodukte-fur-restaurierung\/loschkalk-oder-sumpfkalk-extra-eingesumpft-24-und-36-monate-eingesumpft\/","og_site_name":"Morandi Bortot","article_modified_time":"2024-10-04T13:05:17+00:00","og_image":[{"width":406,"height":368,"url":"https:\/\/www.morandibortot.it\/wp-content\/uploads\/2020\/05\/CALCE-SPENTA-o-GRASSELLO-EXTRA-STAGIONATO-stagionatura-24-e-36-mesi-sacco.jpg","type":"image\/jpeg"}],"twitter_card":"summary_large_image","twitter_misc":{"Est. reading time":"1 minute"},"schema":{"@context":"https:\/\/schema.org","@graph":[{"@type":"WebPage","@id":"https:\/\/www.morandibortot.it\/de\/kalkprodukte-fur-restaurierung\/loschkalk-oder-sumpfkalk-extra-eingesumpft-24-und-36-monate-eingesumpft\/","url":"https:\/\/www.morandibortot.it\/de\/kalkprodukte-fur-restaurierung\/loschkalk-oder-sumpfkalk-extra-eingesumpft-24-und-36-monate-eingesumpft\/","name":"Unser 24 und 36 Monate extraeingesumpfter, wei\u00dfer Sumpfkalk.","isPartOf":{"@id":"https:\/\/www.morandibortot.it\/#website"},"primaryImageOfPage":{"@id":"https:\/\/www.morandibortot.it\/de\/kalkprodukte-fur-restaurierung\/loschkalk-oder-sumpfkalk-extra-eingesumpft-24-und-36-monate-eingesumpft\/#primaryimage"},"image":{"@id":"https:\/\/www.morandibortot.it\/de\/kalkprodukte-fur-restaurierung\/loschkalk-oder-sumpfkalk-extra-eingesumpft-24-und-36-monate-eingesumpft\/#primaryimage"},"thumbnailUrl":"https:\/\/www.morandibortot.it\/wp-content\/uploads\/2020\/05\/CALCE-SPENTA-o-GRASSELLO-EXTRA-STAGIONATO-stagionatura-24-e-36-mesi-sacco.jpg","datePublished":"2020-05-26T08:37:55+00:00","dateModified":"2024-10-04T13:05:17+00:00","description":"Erfahren Sie mehr \u00fcber unseren 24 und 36 Monate extraeingesumpften, wei\u00dfen Sumpfkalk. Mit einer kompakten, viskoser, z\u00e4hen und verabeitbaren Struktur. Perfektes Malern und Dekorieren.","breadcrumb":{"@id":"https:\/\/www.morandibortot.it\/de\/kalkprodukte-fur-restaurierung\/loschkalk-oder-sumpfkalk-extra-eingesumpft-24-und-36-monate-eingesumpft\/#breadcrumb"},"inLanguage":"de-DE","potentialAction":[{"@type":"ReadAction","target":["https:\/\/www.morandibortot.it\/de\/kalkprodukte-fur-restaurierung\/loschkalk-oder-sumpfkalk-extra-eingesumpft-24-und-36-monate-eingesumpft\/"]}]},{"@type":"ImageObject","inLanguage":"de-DE","@id":"https:\/\/www.morandibortot.it\/de\/kalkprodukte-fur-restaurierung\/loschkalk-oder-sumpfkalk-extra-eingesumpft-24-und-36-monate-eingesumpft\/#primaryimage","url":"https:\/\/www.morandibortot.it\/wp-content\/uploads\/2020\/05\/CALCE-SPENTA-o-GRASSELLO-EXTRA-STAGIONATO-stagionatura-24-e-36-mesi-sacco.jpg","contentUrl":"https:\/\/www.morandibortot.it\/wp-content\/uploads\/2020\/05\/CALCE-SPENTA-o-GRASSELLO-EXTRA-STAGIONATO-stagionatura-24-e-36-mesi-sacco.jpg","width":406,"height":368},{"@type":"BreadcrumbList","@id":"https:\/\/www.morandibortot.it\/de\/kalkprodukte-fur-restaurierung\/loschkalk-oder-sumpfkalk-extra-eingesumpft-24-und-36-monate-eingesumpft\/#breadcrumb","itemListElement":[{"@type":"ListItem","position":1,"name":"Home","item":"https:\/\/www.morandibortot.it\/de\/"},{"@type":"ListItem","position":2,"name":"Prodotti","item":"https:\/\/www.morandibortot.it\/prodotti-calce-restauro\/"},{"@type":"ListItem","position":3,"name":"L\u00d6SCHKALK oder SUMPFKALK EXTRA EINGESUMPFT (24 und 36 Monate eingesumpft)"}]},{"@type":"WebSite","@id":"https:\/\/www.morandibortot.it\/#website","url":"https:\/\/www.morandibortot.it\/","name":"Morandi Bortot","description":"","publisher":{"@id":"https:\/\/www.morandibortot.it\/#organization"},"potentialAction":[{"@type":"SearchAction","target":{"@type":"EntryPoint","urlTemplate":"https:\/\/www.morandibortot.it\/?s={search_term_string}"},"query-input":{"@type":"PropertyValueSpecification","valueRequired":true,"valueName":"search_term_string"}}],"inLanguage":"de-DE"},{"@type":"Organization","@id":"https:\/\/www.morandibortot.it\/#organization","name":"Morandi Bortot","url":"https:\/\/www.morandibortot.it\/","logo":{"@type":"ImageObject","inLanguage":"de-DE","@id":"https:\/\/www.morandibortot.it\/#\/schema\/logo\/image\/","url":"https:\/\/www.morandibortot.it\/wp-content\/uploads\/2020\/06\/cropped-MORANDI_BORTOT_LOGO_BIANCO_PAYOFF.png","contentUrl":"https:\/\/www.morandibortot.it\/wp-content\/uploads\/2020\/06\/cropped-MORANDI_BORTOT_LOGO_BIANCO_PAYOFF.png","width":500,"height":404,"caption":"Morandi Bortot"},"image":{"@id":"https:\/\/www.morandibortot.it\/#\/schema\/logo\/image\/"}}]}},"_links":{"self":[{"href":"https:\/\/www.morandibortot.it\/de\/wp-json\/wp\/v2\/product\/1464","targetHints":{"allow":["GET"]}}],"collection":[{"href":"https:\/\/www.morandibortot.it\/de\/wp-json\/wp\/v2\/product"}],"about":[{"href":"https:\/\/www.morandibortot.it\/de\/wp-json\/wp\/v2\/types\/product"}],"replies":[{"embeddable":true,"href":"https:\/\/www.morandibortot.it\/de\/wp-json\/wp\/v2\/comments?post=1464"}],"wp:featuredmedia":[{"embeddable":true,"href":"https:\/\/www.morandibortot.it\/de\/wp-json\/wp\/v2\/media\/849"}],"wp:attachment":[{"href":"https:\/\/www.morandibortot.it\/de\/wp-json\/wp\/v2\/media?parent=1464"}],"wp:term":[{"taxonomy":"product_brand","embeddable":true,"href":"https:\/\/www.morandibortot.it\/de\/wp-json\/wp\/v2\/product_brand?post=1464"},{"taxonomy":"product_cat","embeddable":true,"href":"https:\/\/www.morandibortot.it\/de\/wp-json\/wp\/v2\/product_cat?post=1464"},{"taxonomy":"product_tag","embeddable":true,"href":"https:\/\/www.morandibortot.it\/de\/wp-json\/wp\/v2\/product_tag?post=1464"}],"curies":[{"name":"wp","href":"https:\/\/api.w.org\/{rel}","templated":true}]}}