{"id":1492,"date":"2020-06-08T15:40:25","date_gmt":"2020-06-08T13:40:25","guid":{"rendered":"https:\/\/p14809-mor.weblx2.piuinternet.it\/prodotto\/feinputz-verfahren-bei-rigipsplatten\/"},"modified":"2024-08-27T15:24:38","modified_gmt":"2024-08-27T13:24:38","slug":"feinputz-verfahren-bei-rigipsplatten","status":"publish","type":"product","link":"https:\/\/www.morandibortot.it\/de\/kalkprodukte-fur-restaurierung\/feinputz-verfahren-bei-rigipsplatten\/","title":{"rendered":"FEINPUTZ-VERFAHREN BEI RIGIPSPLATTEN"},"content":{"rendered":"<p><strong>Zusammensetzung<\/strong><br \/>\nZum FEINPUTZ-VERFAHREN BEI RIGIPSPLATTEN werden die folgenden Produkte verwendet:<br \/>\n\u2013 Primer zur Oberfl\u00e4chen-Vorbereitung (reine Acryl-Dispersion, geruchlos und l\u00f6sungsmittelfrei)<\/p>\n<p>\u2013 GLATTPUTZ AUS KALKSANDSTEIN (extrawei\u00df) Morandi Bortot Srl. ist ein nat\u00fcrlicher Glattputz und basiert auf L\u00f6schkalk, der mindestens 8 Monate eingesumpft wurde, Kalksand und Wasser. Er ist frei von zement\u00e4ren, chemischen und organischen Additiven.<\/p>\n<p>\u2013 Feinputz nach Wahl zwischen GLATTPUTZ EXTRA AUS KALKSANDSTEIN Morandi Balogh Srl ist ein Putz der auf 200 Mikron gefiltert ist und durch feinem kalkhaltigen Sand charakterisiert ist; BADIGEON Morandi Balogh Srl ist ein Dekorputz, welcher auf 200 Mikron gefiltert ist. GLATTPUTZ AUS KALKSANDSTEIN Morandi Bortot Srl ist ein Feinputz aus Kalksandstein. Er ist erh\u00e4ltlich in den Farben \u201ePastell\u201c.<\/p>\n","protected":false},"excerpt":{"rendered":"<p>Spezielles Verfahren f\u00fcr die Deckschicht und die Dekoration von Rigipsplatten, basierend auf Sumpfkalk, f\u00fcr den Innenbereich.<\/p>\n<p><strong>LIEFERUMFANG<\/strong><br \/>\nPrimer<br \/>\n\u2022 Gef\u00e4\u00dfe von angepasstem Umfang bezogen auf die zu behandelnde Oberfl\u00e4che.<\/p>\n<p>GLATTPUTZ AUS KALKSANDSTEIN (extrawei\u00df) \u2013 FEINPUTZ EXTRA AUS KALKSANDSTEIN \u2013 FEINPUTZ AUS KALKSANDSTEIN<br \/>\n\u2022 Gef\u00e4\u00dfe von ca. 23 kg.<\/p>\n<p>BADIGEON<br \/>\n\u2022 Gef\u00e4\u00dfe von ca. 18 kg.<\/p>\n<p>F\u00fcr die Produkte GLATTPUTZ AUS KALKSANDSTEIN (extrawei\u00df), GLATTPUTZ EXTRA AUS KALKSANDPUTZ, BADIGEON und GLATTPUTZ AUS KALKSANDSTEIN empfehlen wir, die entsprechenden Technischen Datenbl\u00e4tter zu konsultieren.<\/p>\n","protected":false},"featured_media":1071,"comment_status":"closed","ping_status":"closed","template":"","meta":{"ocean_post_layout":"","ocean_both_sidebars_style":"","ocean_both_sidebars_content_width":0,"ocean_both_sidebars_sidebars_width":0,"ocean_sidebar":"0","ocean_second_sidebar":"0","ocean_disable_margins":"enable","ocean_add_body_class":"","ocean_shortcode_before_top_bar":"","ocean_shortcode_after_top_bar":"","ocean_shortcode_before_header":"","ocean_shortcode_after_header":"","ocean_has_shortcode":"","ocean_shortcode_after_title":"","ocean_shortcode_before_footer_widgets":"","ocean_shortcode_after_footer_widgets":"","ocean_shortcode_before_footer_bottom":"","ocean_shortcode_after_footer_bottom":"","ocean_display_top_bar":"default","ocean_display_header":"default","ocean_header_style":"","ocean_center_header_left_menu":"0","ocean_custom_header_template":"0","ocean_custom_logo":0,"ocean_custom_retina_logo":0,"ocean_custom_logo_max_width":0,"ocean_custom_logo_tablet_max_width":0,"ocean_custom_logo_mobile_max_width":0,"ocean_custom_logo_max_height":0,"ocean_custom_logo_tablet_max_height":0,"ocean_custom_logo_mobile_max_height":0,"ocean_header_custom_menu":"0","ocean_menu_typo_font_family":"0","ocean_menu_typo_font_subset":"","ocean_menu_typo_font_size":0,"ocean_menu_typo_font_size_tablet":0,"ocean_menu_typo_font_size_mobile":0,"ocean_menu_typo_font_size_unit":"px","ocean_menu_typo_font_weight":"","ocean_menu_typo_font_weight_tablet":"","ocean_menu_typo_font_weight_mobile":"","ocean_menu_typo_transform":"","ocean_menu_typo_transform_tablet":"","ocean_menu_typo_transform_mobile":"","ocean_menu_typo_line_height":0,"ocean_menu_typo_line_height_tablet":0,"ocean_menu_typo_line_height_mobile":0,"ocean_menu_typo_line_height_unit":"","ocean_menu_typo_spacing":0,"ocean_menu_typo_spacing_tablet":0,"ocean_menu_typo_spacing_mobile":0,"ocean_menu_typo_spacing_unit":"","ocean_menu_link_color":"","ocean_menu_link_color_hover":"","ocean_menu_link_color_active":"","ocean_menu_link_background":"","ocean_menu_link_hover_background":"","ocean_menu_link_active_background":"","ocean_menu_social_links_bg":"","ocean_menu_social_hover_links_bg":"","ocean_menu_social_links_color":"","ocean_menu_social_hover_links_color":"","ocean_disable_title":"default","ocean_disable_heading":"default","ocean_post_title":"","ocean_post_subheading":"","ocean_post_title_style":"","ocean_post_title_background_color":"","ocean_post_title_background":0,"ocean_post_title_bg_image_position":"","ocean_post_title_bg_image_attachment":"","ocean_post_title_bg_image_repeat":"","ocean_post_title_bg_image_size":"","ocean_post_title_height":0,"ocean_post_title_bg_overlay":0.5,"ocean_post_title_bg_overlay_color":"","ocean_disable_breadcrumbs":"default","ocean_breadcrumbs_color":"","ocean_breadcrumbs_separator_color":"","ocean_breadcrumbs_links_color":"","ocean_breadcrumbs_links_hover_color":"","ocean_display_footer_widgets":"default","ocean_display_footer_bottom":"default","ocean_custom_footer_template":"0"},"product_brand":[],"product_cat":[51],"product_tag":[],"class_list":{"0":"post-1492","1":"product","2":"type-product","3":"status-publish","4":"has-post-thumbnail","6":"product_cat-glattputz-aus","8":"entry","9":"has-media","11":"first","12":"instock","13":"shipping-taxable","14":"product-type-simple","15":"has-product-nav","16":"col","17":"span_1_of_3","18":"owp-content-center","19":"owp-thumbs-layout-horizontal","20":"owp-btn-normal","21":"owp-tabs-layout-horizontal"},"yoast_head":"<!-- This site is optimized with the Yoast SEO plugin v27.4 - https:\/\/yoast.com\/product\/yoast-seo-wordpress\/ -->\n<title>Feinputzprodukte f\u00fcr Rigipsplatten, auf Sumpfkalkbasis.<\/title>\n<meta name=\"description\" content=\"Feinputzprodukte f\u00fcr Rigipsplatten, auf Sumpfkalkbasis, zur Dekoration von Innenbereichen. Ideal f\u00fcr die Feinbearbeitung und die Dekoration\" \/>\n<meta name=\"robots\" content=\"index, follow, max-snippet:-1, max-image-preview:large, max-video-preview:-1\" \/>\n<link rel=\"canonical\" href=\"https:\/\/www.morandibortot.it\/de\/kalkprodukte-fur-restaurierung\/feinputz-verfahren-bei-rigipsplatten\/\" \/>\n<meta property=\"og:locale\" content=\"de_DE\" \/>\n<meta property=\"og:type\" content=\"article\" \/>\n<meta property=\"og:title\" content=\"Feinputzprodukte f\u00fcr Rigipsplatten, auf Sumpfkalkbasis.\" \/>\n<meta property=\"og:description\" content=\"Feinputzprodukte f\u00fcr Rigipsplatten, auf Sumpfkalkbasis, zur Dekoration von Innenbereichen. Ideal f\u00fcr die Feinbearbeitung und die Dekoration\" \/>\n<meta property=\"og:url\" content=\"https:\/\/www.morandibortot.it\/de\/kalkprodukte-fur-restaurierung\/feinputz-verfahren-bei-rigipsplatten\/\" \/>\n<meta property=\"og:site_name\" content=\"Morandi Bortot\" \/>\n<meta property=\"article:modified_time\" content=\"2024-08-27T13:24:38+00:00\" \/>\n<meta property=\"og:image\" content=\"https:\/\/www.morandibortot.it\/wp-content\/uploads\/2020\/06\/CICLO-DI-FINITURA-PER-CARTONGESSO-1.jpg\" \/>\n\t<meta property=\"og:image:width\" content=\"406\" \/>\n\t<meta property=\"og:image:height\" content=\"368\" \/>\n\t<meta property=\"og:image:type\" content=\"image\/jpeg\" \/>\n<meta name=\"twitter:card\" content=\"summary_large_image\" \/>\n<meta name=\"twitter:label1\" content=\"Est. reading time\" \/>\n\t<meta name=\"twitter:data1\" content=\"1 minute\" \/>\n<script type=\"application\/ld+json\" class=\"yoast-schema-graph\">{\"@context\":\"https:\\\/\\\/schema.org\",\"@graph\":[{\"@type\":\"WebPage\",\"@id\":\"https:\\\/\\\/www.morandibortot.it\\\/de\\\/kalkprodukte-fur-restaurierung\\\/feinputz-verfahren-bei-rigipsplatten\\\/\",\"url\":\"https:\\\/\\\/www.morandibortot.it\\\/de\\\/kalkprodukte-fur-restaurierung\\\/feinputz-verfahren-bei-rigipsplatten\\\/\",\"name\":\"Feinputzprodukte f\u00fcr Rigipsplatten, auf Sumpfkalkbasis.\",\"isPartOf\":{\"@id\":\"https:\\\/\\\/www.morandibortot.it\\\/#website\"},\"primaryImageOfPage\":{\"@id\":\"https:\\\/\\\/www.morandibortot.it\\\/de\\\/kalkprodukte-fur-restaurierung\\\/feinputz-verfahren-bei-rigipsplatten\\\/#primaryimage\"},\"image\":{\"@id\":\"https:\\\/\\\/www.morandibortot.it\\\/de\\\/kalkprodukte-fur-restaurierung\\\/feinputz-verfahren-bei-rigipsplatten\\\/#primaryimage\"},\"thumbnailUrl\":\"https:\\\/\\\/www.morandibortot.it\\\/wp-content\\\/uploads\\\/2020\\\/06\\\/CICLO-DI-FINITURA-PER-CARTONGESSO-1.jpg\",\"datePublished\":\"2020-06-08T13:40:25+00:00\",\"dateModified\":\"2024-08-27T13:24:38+00:00\",\"description\":\"Feinputzprodukte f\u00fcr Rigipsplatten, auf Sumpfkalkbasis, zur Dekoration von Innenbereichen. Ideal f\u00fcr die Feinbearbeitung und die Dekoration\",\"breadcrumb\":{\"@id\":\"https:\\\/\\\/www.morandibortot.it\\\/de\\\/kalkprodukte-fur-restaurierung\\\/feinputz-verfahren-bei-rigipsplatten\\\/#breadcrumb\"},\"inLanguage\":\"de-DE\",\"potentialAction\":[{\"@type\":\"ReadAction\",\"target\":[\"https:\\\/\\\/www.morandibortot.it\\\/de\\\/kalkprodukte-fur-restaurierung\\\/feinputz-verfahren-bei-rigipsplatten\\\/\"]}]},{\"@type\":\"ImageObject\",\"inLanguage\":\"de-DE\",\"@id\":\"https:\\\/\\\/www.morandibortot.it\\\/de\\\/kalkprodukte-fur-restaurierung\\\/feinputz-verfahren-bei-rigipsplatten\\\/#primaryimage\",\"url\":\"https:\\\/\\\/www.morandibortot.it\\\/wp-content\\\/uploads\\\/2020\\\/06\\\/CICLO-DI-FINITURA-PER-CARTONGESSO-1.jpg\",\"contentUrl\":\"https:\\\/\\\/www.morandibortot.it\\\/wp-content\\\/uploads\\\/2020\\\/06\\\/CICLO-DI-FINITURA-PER-CARTONGESSO-1.jpg\",\"width\":406,\"height\":368},{\"@type\":\"BreadcrumbList\",\"@id\":\"https:\\\/\\\/www.morandibortot.it\\\/de\\\/kalkprodukte-fur-restaurierung\\\/feinputz-verfahren-bei-rigipsplatten\\\/#breadcrumb\",\"itemListElement\":[{\"@type\":\"ListItem\",\"position\":1,\"name\":\"Home\",\"item\":\"https:\\\/\\\/www.morandibortot.it\\\/de\\\/\"},{\"@type\":\"ListItem\",\"position\":2,\"name\":\"Prodotti\",\"item\":\"https:\\\/\\\/www.morandibortot.it\\\/prodotti-calce-restauro\\\/\"},{\"@type\":\"ListItem\",\"position\":3,\"name\":\"FEINPUTZ-VERFAHREN BEI RIGIPSPLATTEN\"}]},{\"@type\":\"WebSite\",\"@id\":\"https:\\\/\\\/www.morandibortot.it\\\/#website\",\"url\":\"https:\\\/\\\/www.morandibortot.it\\\/\",\"name\":\"Morandi Bortot\",\"description\":\"\",\"publisher\":{\"@id\":\"https:\\\/\\\/www.morandibortot.it\\\/#organization\"},\"potentialAction\":[{\"@type\":\"SearchAction\",\"target\":{\"@type\":\"EntryPoint\",\"urlTemplate\":\"https:\\\/\\\/www.morandibortot.it\\\/?s={search_term_string}\"},\"query-input\":{\"@type\":\"PropertyValueSpecification\",\"valueRequired\":true,\"valueName\":\"search_term_string\"}}],\"inLanguage\":\"de-DE\"},{\"@type\":\"Organization\",\"@id\":\"https:\\\/\\\/www.morandibortot.it\\\/#organization\",\"name\":\"Morandi Bortot\",\"url\":\"https:\\\/\\\/www.morandibortot.it\\\/\",\"logo\":{\"@type\":\"ImageObject\",\"inLanguage\":\"de-DE\",\"@id\":\"https:\\\/\\\/www.morandibortot.it\\\/#\\\/schema\\\/logo\\\/image\\\/\",\"url\":\"https:\\\/\\\/www.morandibortot.it\\\/wp-content\\\/uploads\\\/2020\\\/06\\\/cropped-MORANDI_BORTOT_LOGO_BIANCO_PAYOFF.png\",\"contentUrl\":\"https:\\\/\\\/www.morandibortot.it\\\/wp-content\\\/uploads\\\/2020\\\/06\\\/cropped-MORANDI_BORTOT_LOGO_BIANCO_PAYOFF.png\",\"width\":500,\"height\":404,\"caption\":\"Morandi Bortot\"},\"image\":{\"@id\":\"https:\\\/\\\/www.morandibortot.it\\\/#\\\/schema\\\/logo\\\/image\\\/\"}}]}<\/script>\n<!-- \/ Yoast SEO plugin. -->","yoast_head_json":{"title":"Feinputzprodukte f\u00fcr Rigipsplatten, auf Sumpfkalkbasis.","description":"Feinputzprodukte f\u00fcr Rigipsplatten, auf Sumpfkalkbasis, zur Dekoration von Innenbereichen. Ideal f\u00fcr die Feinbearbeitung und die Dekoration","robots":{"index":"index","follow":"follow","max-snippet":"max-snippet:-1","max-image-preview":"max-image-preview:large","max-video-preview":"max-video-preview:-1"},"canonical":"https:\/\/www.morandibortot.it\/de\/kalkprodukte-fur-restaurierung\/feinputz-verfahren-bei-rigipsplatten\/","og_locale":"de_DE","og_type":"article","og_title":"Feinputzprodukte f\u00fcr Rigipsplatten, auf Sumpfkalkbasis.","og_description":"Feinputzprodukte f\u00fcr Rigipsplatten, auf Sumpfkalkbasis, zur Dekoration von Innenbereichen. Ideal f\u00fcr die Feinbearbeitung und die Dekoration","og_url":"https:\/\/www.morandibortot.it\/de\/kalkprodukte-fur-restaurierung\/feinputz-verfahren-bei-rigipsplatten\/","og_site_name":"Morandi Bortot","article_modified_time":"2024-08-27T13:24:38+00:00","og_image":[{"width":406,"height":368,"url":"https:\/\/www.morandibortot.it\/wp-content\/uploads\/2020\/06\/CICLO-DI-FINITURA-PER-CARTONGESSO-1.jpg","type":"image\/jpeg"}],"twitter_card":"summary_large_image","twitter_misc":{"Est. reading time":"1 minute"},"schema":{"@context":"https:\/\/schema.org","@graph":[{"@type":"WebPage","@id":"https:\/\/www.morandibortot.it\/de\/kalkprodukte-fur-restaurierung\/feinputz-verfahren-bei-rigipsplatten\/","url":"https:\/\/www.morandibortot.it\/de\/kalkprodukte-fur-restaurierung\/feinputz-verfahren-bei-rigipsplatten\/","name":"Feinputzprodukte f\u00fcr Rigipsplatten, auf Sumpfkalkbasis.","isPartOf":{"@id":"https:\/\/www.morandibortot.it\/#website"},"primaryImageOfPage":{"@id":"https:\/\/www.morandibortot.it\/de\/kalkprodukte-fur-restaurierung\/feinputz-verfahren-bei-rigipsplatten\/#primaryimage"},"image":{"@id":"https:\/\/www.morandibortot.it\/de\/kalkprodukte-fur-restaurierung\/feinputz-verfahren-bei-rigipsplatten\/#primaryimage"},"thumbnailUrl":"https:\/\/www.morandibortot.it\/wp-content\/uploads\/2020\/06\/CICLO-DI-FINITURA-PER-CARTONGESSO-1.jpg","datePublished":"2020-06-08T13:40:25+00:00","dateModified":"2024-08-27T13:24:38+00:00","description":"Feinputzprodukte f\u00fcr Rigipsplatten, auf Sumpfkalkbasis, zur Dekoration von Innenbereichen. Ideal f\u00fcr die Feinbearbeitung und die Dekoration","breadcrumb":{"@id":"https:\/\/www.morandibortot.it\/de\/kalkprodukte-fur-restaurierung\/feinputz-verfahren-bei-rigipsplatten\/#breadcrumb"},"inLanguage":"de-DE","potentialAction":[{"@type":"ReadAction","target":["https:\/\/www.morandibortot.it\/de\/kalkprodukte-fur-restaurierung\/feinputz-verfahren-bei-rigipsplatten\/"]}]},{"@type":"ImageObject","inLanguage":"de-DE","@id":"https:\/\/www.morandibortot.it\/de\/kalkprodukte-fur-restaurierung\/feinputz-verfahren-bei-rigipsplatten\/#primaryimage","url":"https:\/\/www.morandibortot.it\/wp-content\/uploads\/2020\/06\/CICLO-DI-FINITURA-PER-CARTONGESSO-1.jpg","contentUrl":"https:\/\/www.morandibortot.it\/wp-content\/uploads\/2020\/06\/CICLO-DI-FINITURA-PER-CARTONGESSO-1.jpg","width":406,"height":368},{"@type":"BreadcrumbList","@id":"https:\/\/www.morandibortot.it\/de\/kalkprodukte-fur-restaurierung\/feinputz-verfahren-bei-rigipsplatten\/#breadcrumb","itemListElement":[{"@type":"ListItem","position":1,"name":"Home","item":"https:\/\/www.morandibortot.it\/de\/"},{"@type":"ListItem","position":2,"name":"Prodotti","item":"https:\/\/www.morandibortot.it\/prodotti-calce-restauro\/"},{"@type":"ListItem","position":3,"name":"FEINPUTZ-VERFAHREN BEI RIGIPSPLATTEN"}]},{"@type":"WebSite","@id":"https:\/\/www.morandibortot.it\/#website","url":"https:\/\/www.morandibortot.it\/","name":"Morandi Bortot","description":"","publisher":{"@id":"https:\/\/www.morandibortot.it\/#organization"},"potentialAction":[{"@type":"SearchAction","target":{"@type":"EntryPoint","urlTemplate":"https:\/\/www.morandibortot.it\/?s={search_term_string}"},"query-input":{"@type":"PropertyValueSpecification","valueRequired":true,"valueName":"search_term_string"}}],"inLanguage":"de-DE"},{"@type":"Organization","@id":"https:\/\/www.morandibortot.it\/#organization","name":"Morandi Bortot","url":"https:\/\/www.morandibortot.it\/","logo":{"@type":"ImageObject","inLanguage":"de-DE","@id":"https:\/\/www.morandibortot.it\/#\/schema\/logo\/image\/","url":"https:\/\/www.morandibortot.it\/wp-content\/uploads\/2020\/06\/cropped-MORANDI_BORTOT_LOGO_BIANCO_PAYOFF.png","contentUrl":"https:\/\/www.morandibortot.it\/wp-content\/uploads\/2020\/06\/cropped-MORANDI_BORTOT_LOGO_BIANCO_PAYOFF.png","width":500,"height":404,"caption":"Morandi Bortot"},"image":{"@id":"https:\/\/www.morandibortot.it\/#\/schema\/logo\/image\/"}}]}},"_links":{"self":[{"href":"https:\/\/www.morandibortot.it\/de\/wp-json\/wp\/v2\/product\/1492","targetHints":{"allow":["GET"]}}],"collection":[{"href":"https:\/\/www.morandibortot.it\/de\/wp-json\/wp\/v2\/product"}],"about":[{"href":"https:\/\/www.morandibortot.it\/de\/wp-json\/wp\/v2\/types\/product"}],"replies":[{"embeddable":true,"href":"https:\/\/www.morandibortot.it\/de\/wp-json\/wp\/v2\/comments?post=1492"}],"wp:featuredmedia":[{"embeddable":true,"href":"https:\/\/www.morandibortot.it\/de\/wp-json\/wp\/v2\/media\/1071"}],"wp:attachment":[{"href":"https:\/\/www.morandibortot.it\/de\/wp-json\/wp\/v2\/media?parent=1492"}],"wp:term":[{"taxonomy":"product_brand","embeddable":true,"href":"https:\/\/www.morandibortot.it\/de\/wp-json\/wp\/v2\/product_brand?post=1492"},{"taxonomy":"product_cat","embeddable":true,"href":"https:\/\/www.morandibortot.it\/de\/wp-json\/wp\/v2\/product_cat?post=1492"},{"taxonomy":"product_tag","embeddable":true,"href":"https:\/\/www.morandibortot.it\/de\/wp-json\/wp\/v2\/product_tag?post=1492"}],"curies":[{"name":"wp","href":"https:\/\/api.w.org\/{rel}","templated":true}]}}